{"id":8057,"date":"2022-09-14T14:23:52","date_gmt":"2022-09-14T12:23:52","guid":{"rendered":"https:\/\/cdz.novadi.it\/?page_id=8057"},"modified":"2023-03-30T10:17:28","modified_gmt":"2023-03-30T08:17:28","slug":"politica-della-qualita","status":"publish","type":"page","link":"https:\/\/www.cdzcompositi.com\/it_it\/come-lavoriamo\/politica-della-qualita\/","title":{"rendered":"Politica della qualit\u00e0"},"content":{"rendered":"\t\t<div data-elementor-type=\"wp-page\" data-elementor-id=\"8057\" class=\"elementor elementor-8057\">\n\t\t\t\t\t\t<section class=\"elementor-section elementor-top-section elementor-element elementor-element-712c71a elementor-section-boxed elementor-section-height-default elementor-section-height-default qodef-elementor-content-no\" data-id=\"712c71a\" data-element_type=\"section\" data-e-type=\"section\">\n\t\t\t\t\t\t<div class=\"elementor-container elementor-column-gap-default\">\n\t\t\t\t\t<div class=\"elementor-column elementor-col-100 elementor-top-column elementor-element elementor-element-dff37e8 elementor-invisible\" data-id=\"dff37e8\" data-element_type=\"column\" data-e-type=\"column\" data-settings=\"{&quot;animation&quot;:&quot;fadeIn&quot;,&quot;animation_delay&quot;:100}\">\n\t\t\t<div class=\"elementor-widget-wrap elementor-element-populated\">\n\t\t\t\t\t\t<div class=\"elementor-element elementor-element-bca0f62 elementor-widget elementor-widget-heading\" data-id=\"bca0f62\" data-element_type=\"widget\" data-e-type=\"widget\" data-widget_type=\"heading.default\">\n\t\t\t\t<div class=\"elementor-widget-container\">\n\t\t\t\t\t<h2 class=\"elementor-heading-title elementor-size-default\">Politica della qualit\u00e0<\/h2>\t\t\t\t<\/div>\n\t\t\t\t<\/div>\n\t\t\t\t<div class=\"elementor-element elementor-element-050583c elementor-widget elementor-widget-text-editor\" data-id=\"050583c\" data-element_type=\"widget\" data-e-type=\"widget\" data-widget_type=\"text-editor.default\">\n\t\t\t\t<div class=\"elementor-widget-container\">\n\t\t\t\t\t\t\t\t\t<p>La Direzione considera la <strong>qualit\u00e0<\/strong> un elemento <strong>fondamentale<\/strong> della strategia\/crescita aziendale e per questo motivo ne promuove il rispetto in tutti i livelli dell\u2019organizzazione; consapevole del proprio ruolo di leadership, diffonde e supporta l\u2019impegno a soddisfare i requisiti del <strong>Sistema di Gestione per la Qualit\u00e0<\/strong> e a migliorarne continuamente l\u2019efficacia.<br \/>L\u2019 indirizzo generale che regge e soprintende la Politica per la Qualit\u00e0 \u00e8 la <strong>soddisfazione del cliente<\/strong> e il raggiungimento degli obiettivi prefissati con l\u2019 erogazione del servizio in un\u2019 ottica di miglioramento continuo nel rispetto degli accordi contrattuali, mantenendo un elevato livello di prestazione\/qualit\u00e0 per il servizio e i prodotti offerti.<\/p><p>Continuo e costante mantenimento e miglioramento del Sistema Gestione Qualit\u00e0 in conformit\u00e0 alle norme <strong>ISO 9001:2015<\/strong> in ottica risk-based thinking.<\/p><ul style=\"margin: 0 0 1.5em 20px; list-style: inherit;\"><li>Mantenere un alto standard di sicurezza e salute sul posto di lavoro.<\/li><li>Mirare alla crescita professionale dei dipendenti.<\/li><li>Impiegare fornitori qualificati.<\/li><li>Monitorare e misurare i processi, i prodotti e la soddisfazione dei clienti.<\/li><li>Massima attenzione e precisione nel lavoro e nelle consegne.<\/li><li>Riservatezza sia della documentazione sia nella realizzazione del prodotto.<\/li><li>Fornire prodotti e servizi che soddisfino le specifiche tecniche, esigenze esplicite ed implicite del Cliente e requisiti cogenti in relazione a prestazioni, qualit\u00e0 e affidabilit\u00e0 dei prodotti.<\/li><li>Istruire, motivare, responsabilizzare e sensibilizzare il personale alla gestione del SGQ e al miglioramento continuo.<\/li><\/ul>\t\t\t\t\t\t\t\t<\/div>\n\t\t\t\t<\/div>\n\t\t\t\t\t<\/div>\n\t\t<\/div>\n\t\t\t\t\t<\/div>\n\t\t<\/section>\n\t\t\t\t<section class=\"elementor-section elementor-top-section elementor-element elementor-element-d173557 elementor-section-boxed elementor-section-height-default elementor-section-height-default qodef-elementor-content-no\" data-id=\"d173557\" data-element_type=\"section\" data-e-type=\"section\">\n\t\t\t\t\t\t<div class=\"elementor-container elementor-column-gap-default\">\n\t\t\t\t\t<div class=\"elementor-column elementor-col-100 elementor-top-column elementor-element elementor-element-a16b7a0 elementor-invisible\" data-id=\"a16b7a0\" data-element_type=\"column\" data-e-type=\"column\" data-settings=\"{&quot;animation&quot;:&quot;fadeIn&quot;,&quot;animation_delay&quot;:400}\">\n\t\t\t<div class=\"elementor-widget-wrap elementor-element-populated\">\n\t\t\t\t\t\t<div class=\"elementor-element elementor-element-1662177 elementor-widget elementor-widget-heading\" data-id=\"1662177\" data-element_type=\"widget\" data-e-type=\"widget\" data-widget_type=\"heading.default\">\n\t\t\t\t<div class=\"elementor-widget-container\">\n\t\t\t\t\t<h4 class=\"elementor-heading-title elementor-size-default\">UNI EN ISO 9001:2015<\/h4>\t\t\t\t<\/div>\n\t\t\t\t<\/div>\n\t\t\t\t<div class=\"elementor-element elementor-element-4e4cebf elementor-widget elementor-widget-image\" data-id=\"4e4cebf\" data-element_type=\"widget\" data-e-type=\"widget\" data-widget_type=\"image.default\">\n\t\t\t\t<div class=\"elementor-widget-container\">\n\t\t\t\t\t\t\t\t\t\t\t\t\t\t\t\t<a href=\"https:\/\/www.cdzcompositi.com\/wp-content\/uploads\/2022\/09\/CERT15163REV001-1.pdf\" target=\"_blank\">\n\t\t\t\t\t\t\t<img decoding=\"async\" width=\"150\" height=\"150\" src=\"https:\/\/www.cdzcompositi.com\/wp-content\/uploads\/2022\/09\/91_ISO9001_rgb_120-1-150x150.jpg\" class=\"attachment-thumbnail size-thumbnail wp-image-8127\" alt=\"\" srcset=\"https:\/\/www.cdzcompositi.com\/wp-content\/uploads\/2022\/09\/91_ISO9001_rgb_120-1-150x150.jpg 150w, https:\/\/www.cdzcompositi.com\/wp-content\/uploads\/2022\/09\/91_ISO9001_rgb_120-1-300x300.jpg 300w, https:\/\/www.cdzcompositi.com\/wp-content\/uploads\/2022\/09\/91_ISO9001_rgb_120-1-12x12.jpg 12w, https:\/\/www.cdzcompositi.com\/wp-content\/uploads\/2022\/09\/91_ISO9001_rgb_120-1.jpg 495w\" sizes=\"(max-width: 150px) 100vw, 150px\" \/>\t\t\t\t\t\t\t\t<\/a>\n\t\t\t\t\t\t\t\t\t\t\t\t\t\t\t<\/div>\n\t\t\t\t<\/div>\n\t\t\t\t\t<\/div>\n\t\t<\/div>\n\t\t\t\t\t<\/div>\n\t\t<\/section>\n\t\t\t\t<\/div>\n\t\t","protected":false},"excerpt":{"rendered":"<p>Politica della qualit\u00e0 La Direzione considera la qualit\u00e0 un elemento fondamentale della strategia\/crescita aziendale e per questo motivo ne promuove il rispetto in tutti i livelli dell\u2019organizzazione; consapevole del proprio ruolo di leadership, diffonde e supporta l\u2019impegno a soddisfare i requisiti del Sistema di Gestione per la Qualit\u00e0 e a migliorarne continuamente l\u2019efficacia. L\u2019 indirizzo [&hellip;]<\/p>\n","protected":false},"author":1,"featured_media":0,"parent":7910,"menu_order":0,"comment_status":"closed","ping_status":"closed","template":"page-full-width.php","meta":{"footnotes":""},"class_list":["post-8057","page","type-page","status-publish","hentry"],"yoast_head":"<title>Politica della qualit\u00e0 - CDZ COMPOSITI<\/title>\n<meta name=\"robots\" content=\"index, follow, max-snippet:-1, max-image-preview:large, max-video-preview:-1\" \/>\n<link rel=\"canonical\" href=\"https:\/\/www.cdzcompositi.com\/it_it\/come-lavoriamo\/politica-della-qualita\/\" \/>\n<meta property=\"og:locale\" content=\"it_IT\" \/>\n<meta property=\"og:type\" content=\"article\" \/>\n<meta property=\"og:title\" content=\"Politica della qualit\u00e0 - CDZ COMPOSITI\" \/>\n<meta property=\"og:description\" content=\"Politica della qualit\u00e0 La Direzione considera la qualit\u00e0 un elemento fondamentale della strategia\/crescita aziendale e per questo motivo ne promuove il rispetto in tutti i livelli dell\u2019organizzazione; consapevole del proprio ruolo di leadership, diffonde e supporta l\u2019impegno a soddisfare i requisiti del Sistema di Gestione per la Qualit\u00e0 e a migliorarne continuamente l\u2019efficacia. L\u2019 indirizzo [&hellip;]\" \/>\n<meta property=\"og:url\" content=\"https:\/\/www.cdzcompositi.com\/it_it\/come-lavoriamo\/politica-della-qualita\/\" \/>\n<meta property=\"og:site_name\" content=\"CDZ COMPOSITI\" \/>\n<meta property=\"article:modified_time\" content=\"2023-03-30T08:17:28+00:00\" \/>\n<meta property=\"og:image\" content=\"https:\/\/www.cdzcompositi.com\/wp-content\/uploads\/2022\/09\/91_ISO9001_rgb_120-1-150x150.jpg\" \/>\n<meta name=\"twitter:card\" content=\"summary_large_image\" \/>\n<meta name=\"twitter:label1\" content=\"Tempo di lettura stimato\" \/>\n\t<meta name=\"twitter:data1\" content=\"2 minuti\" \/>\n<script type=\"application\/ld+json\" class=\"yoast-schema-graph\">{\"@context\":\"https:\\\/\\\/schema.org\",\"@graph\":[{\"@type\":\"WebPage\",\"@id\":\"https:\\\/\\\/www.cdzcompositi.com\\\/it_it\\\/come-lavoriamo\\\/politica-della-qualita\\\/\",\"url\":\"https:\\\/\\\/www.cdzcompositi.com\\\/it_it\\\/come-lavoriamo\\\/politica-della-qualita\\\/\",\"name\":\"Politica della qualit\u00e0 - CDZ COMPOSITI\",\"isPartOf\":{\"@id\":\"https:\\\/\\\/www.cdzcompositi.com\\\/#website\"},\"primaryImageOfPage\":{\"@id\":\"https:\\\/\\\/www.cdzcompositi.com\\\/it_it\\\/come-lavoriamo\\\/politica-della-qualita\\\/#primaryimage\"},\"image\":{\"@id\":\"https:\\\/\\\/www.cdzcompositi.com\\\/it_it\\\/come-lavoriamo\\\/politica-della-qualita\\\/#primaryimage\"},\"thumbnailUrl\":\"https:\\\/\\\/www.cdzcompositi.com\\\/wp-content\\\/uploads\\\/2022\\\/09\\\/91_ISO9001_rgb_120-1-150x150.jpg\",\"datePublished\":\"2022-09-14T12:23:52+00:00\",\"dateModified\":\"2023-03-30T08:17:28+00:00\",\"breadcrumb\":{\"@id\":\"https:\\\/\\\/www.cdzcompositi.com\\\/it_it\\\/come-lavoriamo\\\/politica-della-qualita\\\/#breadcrumb\"},\"inLanguage\":\"it-IT\",\"potentialAction\":[{\"@type\":\"ReadAction\",\"target\":[\"https:\\\/\\\/www.cdzcompositi.com\\\/it_it\\\/come-lavoriamo\\\/politica-della-qualita\\\/\"]}]},{\"@type\":\"ImageObject\",\"inLanguage\":\"it-IT\",\"@id\":\"https:\\\/\\\/www.cdzcompositi.com\\\/it_it\\\/come-lavoriamo\\\/politica-della-qualita\\\/#primaryimage\",\"url\":\"https:\\\/\\\/www.cdzcompositi.com\\\/wp-content\\\/uploads\\\/2022\\\/09\\\/91_ISO9001_rgb_120-1-150x150.jpg\",\"contentUrl\":\"https:\\\/\\\/www.cdzcompositi.com\\\/wp-content\\\/uploads\\\/2022\\\/09\\\/91_ISO9001_rgb_120-1-150x150.jpg\"},{\"@type\":\"BreadcrumbList\",\"@id\":\"https:\\\/\\\/www.cdzcompositi.com\\\/it_it\\\/come-lavoriamo\\\/politica-della-qualita\\\/#breadcrumb\",\"itemListElement\":[{\"@type\":\"ListItem\",\"position\":1,\"name\":\"Home\",\"item\":\"https:\\\/\\\/www.cdzcompositi.com\\\/\"},{\"@type\":\"ListItem\",\"position\":2,\"name\":\"Come Lavoriamo\",\"item\":\"https:\\\/\\\/www.cdzcompositi.com\\\/it_it\\\/come-lavoriamo\\\/\"},{\"@type\":\"ListItem\",\"position\":3,\"name\":\"Politica della qualit\u00e0\"}]},{\"@type\":\"WebSite\",\"@id\":\"https:\\\/\\\/www.cdzcompositi.com\\\/#website\",\"url\":\"https:\\\/\\\/www.cdzcompositi.com\\\/\",\"name\":\"CDZ COMPOSITI\",\"description\":\"Produzione elementi in fibra di carbonio\",\"publisher\":{\"@id\":\"https:\\\/\\\/www.cdzcompositi.com\\\/#organization\"},\"potentialAction\":[{\"@type\":\"SearchAction\",\"target\":{\"@type\":\"EntryPoint\",\"urlTemplate\":\"https:\\\/\\\/www.cdzcompositi.com\\\/?s={search_term_string}\"},\"query-input\":{\"@type\":\"PropertyValueSpecification\",\"valueRequired\":true,\"valueName\":\"search_term_string\"}}],\"inLanguage\":\"it-IT\"},{\"@type\":\"Organization\",\"@id\":\"https:\\\/\\\/www.cdzcompositi.com\\\/#organization\",\"name\":\"CDZ COMPOSITI\",\"url\":\"https:\\\/\\\/www.cdzcompositi.com\\\/\",\"logo\":{\"@type\":\"ImageObject\",\"inLanguage\":\"it-IT\",\"@id\":\"https:\\\/\\\/www.cdzcompositi.com\\\/#\\\/schema\\\/logo\\\/image\\\/\",\"url\":\"https:\\\/\\\/www.cdzcompositi.com\\\/wp-content\\\/uploads\\\/2022\\\/07\\\/cdz_compositi_logo_.png\",\"contentUrl\":\"https:\\\/\\\/www.cdzcompositi.com\\\/wp-content\\\/uploads\\\/2022\\\/07\\\/cdz_compositi_logo_.png\",\"width\":10773,\"height\":1242,\"caption\":\"CDZ COMPOSITI\"},\"image\":{\"@id\":\"https:\\\/\\\/www.cdzcompositi.com\\\/#\\\/schema\\\/logo\\\/image\\\/\"}}]}<\/script>","yoast_head_json":{"title":"Politica della qualit\u00e0 - CDZ COMPOSITI","robots":{"index":"index","follow":"follow","max-snippet":"max-snippet:-1","max-image-preview":"max-image-preview:large","max-video-preview":"max-video-preview:-1"},"canonical":"https:\/\/www.cdzcompositi.com\/it_it\/come-lavoriamo\/politica-della-qualita\/","og_locale":"it_IT","og_type":"article","og_title":"Politica della qualit\u00e0 - CDZ COMPOSITI","og_description":"Politica della qualit\u00e0 La Direzione considera la qualit\u00e0 un elemento fondamentale della strategia\/crescita aziendale e per questo motivo ne promuove il rispetto in tutti i livelli dell\u2019organizzazione; consapevole del proprio ruolo di leadership, diffonde e supporta l\u2019impegno a soddisfare i requisiti del Sistema di Gestione per la Qualit\u00e0 e a migliorarne continuamente l\u2019efficacia. L\u2019 indirizzo [&hellip;]","og_url":"https:\/\/www.cdzcompositi.com\/it_it\/come-lavoriamo\/politica-della-qualita\/","og_site_name":"CDZ COMPOSITI","article_modified_time":"2023-03-30T08:17:28+00:00","og_image":[{"url":"https:\/\/www.cdzcompositi.com\/wp-content\/uploads\/2022\/09\/91_ISO9001_rgb_120-1-150x150.jpg","type":"","width":"","height":""}],"twitter_card":"summary_large_image","twitter_misc":{"Tempo di lettura stimato":"2 minuti"},"schema":{"@context":"https:\/\/schema.org","@graph":[{"@type":"WebPage","@id":"https:\/\/www.cdzcompositi.com\/it_it\/come-lavoriamo\/politica-della-qualita\/","url":"https:\/\/www.cdzcompositi.com\/it_it\/come-lavoriamo\/politica-della-qualita\/","name":"Politica della qualit\u00e0 - CDZ COMPOSITI","isPartOf":{"@id":"https:\/\/www.cdzcompositi.com\/#website"},"primaryImageOfPage":{"@id":"https:\/\/www.cdzcompositi.com\/it_it\/come-lavoriamo\/politica-della-qualita\/#primaryimage"},"image":{"@id":"https:\/\/www.cdzcompositi.com\/it_it\/come-lavoriamo\/politica-della-qualita\/#primaryimage"},"thumbnailUrl":"https:\/\/www.cdzcompositi.com\/wp-content\/uploads\/2022\/09\/91_ISO9001_rgb_120-1-150x150.jpg","datePublished":"2022-09-14T12:23:52+00:00","dateModified":"2023-03-30T08:17:28+00:00","breadcrumb":{"@id":"https:\/\/www.cdzcompositi.com\/it_it\/come-lavoriamo\/politica-della-qualita\/#breadcrumb"},"inLanguage":"it-IT","potentialAction":[{"@type":"ReadAction","target":["https:\/\/www.cdzcompositi.com\/it_it\/come-lavoriamo\/politica-della-qualita\/"]}]},{"@type":"ImageObject","inLanguage":"it-IT","@id":"https:\/\/www.cdzcompositi.com\/it_it\/come-lavoriamo\/politica-della-qualita\/#primaryimage","url":"https:\/\/www.cdzcompositi.com\/wp-content\/uploads\/2022\/09\/91_ISO9001_rgb_120-1-150x150.jpg","contentUrl":"https:\/\/www.cdzcompositi.com\/wp-content\/uploads\/2022\/09\/91_ISO9001_rgb_120-1-150x150.jpg"},{"@type":"BreadcrumbList","@id":"https:\/\/www.cdzcompositi.com\/it_it\/come-lavoriamo\/politica-della-qualita\/#breadcrumb","itemListElement":[{"@type":"ListItem","position":1,"name":"Home","item":"https:\/\/www.cdzcompositi.com\/"},{"@type":"ListItem","position":2,"name":"Come Lavoriamo","item":"https:\/\/www.cdzcompositi.com\/it_it\/come-lavoriamo\/"},{"@type":"ListItem","position":3,"name":"Politica della qualit\u00e0"}]},{"@type":"WebSite","@id":"https:\/\/www.cdzcompositi.com\/#website","url":"https:\/\/www.cdzcompositi.com\/","name":"CDZ COMPOSITI","description":"Produzione elementi in fibra di carbonio","publisher":{"@id":"https:\/\/www.cdzcompositi.com\/#organization"},"potentialAction":[{"@type":"SearchAction","target":{"@type":"EntryPoint","urlTemplate":"https:\/\/www.cdzcompositi.com\/?s={search_term_string}"},"query-input":{"@type":"PropertyValueSpecification","valueRequired":true,"valueName":"search_term_string"}}],"inLanguage":"it-IT"},{"@type":"Organization","@id":"https:\/\/www.cdzcompositi.com\/#organization","name":"CDZ COMPOSITI","url":"https:\/\/www.cdzcompositi.com\/","logo":{"@type":"ImageObject","inLanguage":"it-IT","@id":"https:\/\/www.cdzcompositi.com\/#\/schema\/logo\/image\/","url":"https:\/\/www.cdzcompositi.com\/wp-content\/uploads\/2022\/07\/cdz_compositi_logo_.png","contentUrl":"https:\/\/www.cdzcompositi.com\/wp-content\/uploads\/2022\/07\/cdz_compositi_logo_.png","width":10773,"height":1242,"caption":"CDZ COMPOSITI"},"image":{"@id":"https:\/\/www.cdzcompositi.com\/#\/schema\/logo\/image\/"}}]}},"_links":{"self":[{"href":"https:\/\/www.cdzcompositi.com\/it_it\/wp-json\/wp\/v2\/pages\/8057","targetHints":{"allow":["GET"]}}],"collection":[{"href":"https:\/\/www.cdzcompositi.com\/it_it\/wp-json\/wp\/v2\/pages"}],"about":[{"href":"https:\/\/www.cdzcompositi.com\/it_it\/wp-json\/wp\/v2\/types\/page"}],"author":[{"embeddable":true,"href":"https:\/\/www.cdzcompositi.com\/it_it\/wp-json\/wp\/v2\/users\/1"}],"replies":[{"embeddable":true,"href":"https:\/\/www.cdzcompositi.com\/it_it\/wp-json\/wp\/v2\/comments?post=8057"}],"version-history":[{"count":41,"href":"https:\/\/www.cdzcompositi.com\/it_it\/wp-json\/wp\/v2\/pages\/8057\/revisions"}],"predecessor-version":[{"id":9218,"href":"https:\/\/www.cdzcompositi.com\/it_it\/wp-json\/wp\/v2\/pages\/8057\/revisions\/9218"}],"up":[{"embeddable":true,"href":"https:\/\/www.cdzcompositi.com\/it_it\/wp-json\/wp\/v2\/pages\/7910"}],"wp:attachment":[{"href":"https:\/\/www.cdzcompositi.com\/it_it\/wp-json\/wp\/v2\/media?parent=8057"}],"curies":[{"name":"wp","href":"https:\/\/api.w.org\/{rel}","templated":true}]}}