{"id":8032,"date":"2022-09-14T14:14:09","date_gmt":"2022-09-14T12:14:09","guid":{"rendered":"https:\/\/cdz.novadi.it\/?page_id=8032"},"modified":"2023-03-30T10:20:37","modified_gmt":"2023-03-30T08:20:37","slug":"produzione","status":"publish","type":"page","link":"https:\/\/www.cdzcompositi.com\/it_it\/come-lavoriamo\/produzione\/","title":{"rendered":"Produzione"},"content":{"rendered":"\t\t<div data-elementor-type=\"wp-page\" data-elementor-id=\"8032\" class=\"elementor elementor-8032\">\n\t\t\t\t\t\t<section class=\"elementor-section elementor-top-section elementor-element elementor-element-57bf0dd elementor-section-boxed elementor-section-height-default elementor-section-height-default qodef-elementor-content-no\" data-id=\"57bf0dd\" data-element_type=\"section\" data-e-type=\"section\">\n\t\t\t\t\t\t<div class=\"elementor-container elementor-column-gap-default\">\n\t\t\t\t\t<div class=\"elementor-column elementor-col-100 elementor-top-column elementor-element elementor-element-502f404 elementor-invisible\" data-id=\"502f404\" data-element_type=\"column\" data-e-type=\"column\" data-settings=\"{&quot;animation&quot;:&quot;fadeIn&quot;,&quot;animation_delay&quot;:200}\">\n\t\t\t<div class=\"elementor-widget-wrap elementor-element-populated\">\n\t\t\t\t\t\t<div class=\"elementor-element elementor-element-0babc8f elementor-widget elementor-widget-text-editor\" data-id=\"0babc8f\" data-element_type=\"widget\" data-e-type=\"widget\" data-widget_type=\"text-editor.default\">\n\t\t\t\t<div class=\"elementor-widget-container\">\n\t\t\t\t\t\t\t\t\t<div class=\"post-entry post-entry-type-page post-entry-3326\"><div class=\"entry-content-wrapper clearfix\"><p class=\"p1\"><strong>Flessibilit\u00e0, multicompetenze e velocit\u00e0.<\/strong><\/p><p class=\"p1\">Il nostro stabilimento \u00e8 suddiviso in vari reparti, collegati tra loro. Attraverso un accurato studio della logistica con l\u2019apporto di una pianificazione studiata, siamo in grado di produrre lotti importanti in relativamente poco tempo.\u2028 La flessibilit\u00e0 ci \u00e8 anche permessa dalla capacit\u00e0 di formare personale multicompetenze che si pu\u00f2 spostare da un reparto all\u2019altro.<br \/>Siamo attrezzati con un parco macchine all\u2019avanguardia:<\/p><ul style=\"margin: 0 0 1.5em 20px; list-style: inherit;\"><li>N. 1 plotter da taglio CNC<\/li><li>N. 1 freezer (-18\u00b0C) 7&#215;5 metri<\/li><li>N. 21 presse idrauliche<\/li><li>N. 8 presse elettriche<\/li><li>N. 2 autoclavi<\/li><li>N. 3 clean room da 35 m2 ciascuna<\/li><li>N. 2 robot 6 assi con tavola girevole e cambio utensile<\/li><li>N. 1 centro di lavoro 5 assi 2600 x 1500 x 1200 mm<\/li><li>N. 1 centro di lavoro 3 assi 600 x 400 x 300mm<\/li><li>N. 1 centro di lavoro 3 assi 600 x 400 x 300mm<\/li><li>N. 3 centro di lavoro 3 assi 400 x 300 x 200mm<\/li><\/ul><\/div><\/div>\t\t\t\t\t\t\t\t<\/div>\n\t\t\t\t<\/div>\n\t\t\t\t\t<\/div>\n\t\t<\/div>\n\t\t\t\t\t<\/div>\n\t\t<\/section>\n\t\t\t\t<section class=\"elementor-section elementor-top-section elementor-element elementor-element-8e601f5 elementor-section-boxed elementor-section-height-default elementor-section-height-default qodef-elementor-content-no\" data-id=\"8e601f5\" data-element_type=\"section\" data-e-type=\"section\">\n\t\t\t\t\t\t<div class=\"elementor-container elementor-column-gap-default\">\n\t\t\t\t\t<div class=\"elementor-column elementor-col-100 elementor-top-column elementor-element elementor-element-7bb36f1 elementor-invisible\" data-id=\"7bb36f1\" data-element_type=\"column\" data-e-type=\"column\" data-settings=\"{&quot;animation&quot;:&quot;fadeIn&quot;,&quot;animation_delay&quot;:300}\">\n\t\t\t<div class=\"elementor-widget-wrap elementor-element-populated\">\n\t\t\t\t\t\t<div class=\"elementor-element elementor-element-5b49325 elementor-widget elementor-widget-heading\" data-id=\"5b49325\" data-element_type=\"widget\" data-e-type=\"widget\" data-widget_type=\"heading.default\">\n\t\t\t\t<div class=\"elementor-widget-container\">\n\t\t\t\t\t<h2 class=\"elementor-heading-title elementor-size-default\">Presse<\/h2>\t\t\t\t<\/div>\n\t\t\t\t<\/div>\n\t\t\t\t<div class=\"elementor-element elementor-element-c954cf4 elementor-widget elementor-widget-image\" data-id=\"c954cf4\" data-element_type=\"widget\" data-e-type=\"widget\" data-widget_type=\"image.default\">\n\t\t\t\t<div class=\"elementor-widget-container\">\n\t\t\t\t\t\t\t\t\t\t\t\t\t\t\t<img fetchpriority=\"high\" decoding=\"async\" width=\"2500\" height=\"806\" src=\"https:\/\/www.cdzcompositi.com\/wp-content\/uploads\/2022\/11\/MG_4363.jpg\" class=\"attachment-full size-full wp-image-8361\" alt=\"\" srcset=\"https:\/\/www.cdzcompositi.com\/wp-content\/uploads\/2022\/11\/MG_4363.jpg 2500w, https:\/\/www.cdzcompositi.com\/wp-content\/uploads\/2022\/11\/MG_4363-300x97.jpg 300w, https:\/\/www.cdzcompositi.com\/wp-content\/uploads\/2022\/11\/MG_4363-1024x330.jpg 1024w, https:\/\/www.cdzcompositi.com\/wp-content\/uploads\/2022\/11\/MG_4363-768x248.jpg 768w, https:\/\/www.cdzcompositi.com\/wp-content\/uploads\/2022\/11\/MG_4363-1536x495.jpg 1536w, https:\/\/www.cdzcompositi.com\/wp-content\/uploads\/2022\/11\/MG_4363-2048x660.jpg 2048w, https:\/\/www.cdzcompositi.com\/wp-content\/uploads\/2022\/11\/MG_4363-18x6.jpg 18w\" sizes=\"(max-width: 2500px) 100vw, 2500px\" \/>\t\t\t\t\t\t\t\t\t\t\t\t\t\t\t<\/div>\n\t\t\t\t<\/div>\n\t\t\t\t\t<\/div>\n\t\t<\/div>\n\t\t\t\t\t<\/div>\n\t\t<\/section>\n\t\t\t\t<section class=\"elementor-section elementor-top-section elementor-element elementor-element-c4002d0 elementor-section-boxed elementor-section-height-default elementor-section-height-default qodef-elementor-content-no\" data-id=\"c4002d0\" data-element_type=\"section\" data-e-type=\"section\">\n\t\t\t\t\t\t<div class=\"elementor-container elementor-column-gap-default\">\n\t\t\t\t\t<div class=\"elementor-column elementor-col-100 elementor-top-column elementor-element elementor-element-c3e1fc3 elementor-invisible\" data-id=\"c3e1fc3\" data-element_type=\"column\" data-e-type=\"column\" data-settings=\"{&quot;animation&quot;:&quot;fadeIn&quot;,&quot;animation_delay&quot;:400}\">\n\t\t\t<div class=\"elementor-widget-wrap elementor-element-populated\">\n\t\t\t\t\t\t<div class=\"elementor-element elementor-element-699f50d elementor-widget elementor-widget-heading\" data-id=\"699f50d\" data-element_type=\"widget\" data-e-type=\"widget\" data-widget_type=\"heading.default\">\n\t\t\t\t<div class=\"elementor-widget-container\">\n\t\t\t\t\t<h2 class=\"elementor-heading-title elementor-size-default\">Autoclave<\/h2>\t\t\t\t<\/div>\n\t\t\t\t<\/div>\n\t\t\t\t<div class=\"elementor-element elementor-element-8ceff84 elementor-widget elementor-widget-image\" data-id=\"8ceff84\" data-element_type=\"widget\" data-e-type=\"widget\" data-widget_type=\"image.default\">\n\t\t\t\t<div class=\"elementor-widget-container\">\n\t\t\t\t\t\t\t\t\t\t\t\t\t\t\t<img decoding=\"async\" width=\"2500\" height=\"1160\" src=\"https:\/\/www.cdzcompositi.com\/wp-content\/uploads\/2022\/11\/DSC0008.jpg\" class=\"attachment-full size-full wp-image-8367\" alt=\"\" srcset=\"https:\/\/www.cdzcompositi.com\/wp-content\/uploads\/2022\/11\/DSC0008.jpg 2500w, https:\/\/www.cdzcompositi.com\/wp-content\/uploads\/2022\/11\/DSC0008-300x139.jpg 300w, https:\/\/www.cdzcompositi.com\/wp-content\/uploads\/2022\/11\/DSC0008-1024x475.jpg 1024w, https:\/\/www.cdzcompositi.com\/wp-content\/uploads\/2022\/11\/DSC0008-768x356.jpg 768w, https:\/\/www.cdzcompositi.com\/wp-content\/uploads\/2022\/11\/DSC0008-1536x713.jpg 1536w, https:\/\/www.cdzcompositi.com\/wp-content\/uploads\/2022\/11\/DSC0008-2048x950.jpg 2048w, https:\/\/www.cdzcompositi.com\/wp-content\/uploads\/2022\/11\/DSC0008-18x8.jpg 18w\" sizes=\"(max-width: 2500px) 100vw, 2500px\" \/>\t\t\t\t\t\t\t\t\t\t\t\t\t\t\t<\/div>\n\t\t\t\t<\/div>\n\t\t\t\t\t<\/div>\n\t\t<\/div>\n\t\t\t\t\t<\/div>\n\t\t<\/section>\n\t\t\t\t<\/div>\n\t\t","protected":false},"excerpt":{"rendered":"<p>Flessibilit\u00e0, multicompetenze e velocit\u00e0. Il nostro stabilimento \u00e8 suddiviso in vari reparti, collegati tra loro. Attraverso un accurato studio della logistica con l\u2019apporto di una pianificazione studiata, siamo in grado di produrre lotti importanti in relativamente poco tempo.\u2028 La flessibilit\u00e0 ci \u00e8 anche permessa dalla capacit\u00e0 di formare personale multicompetenze che si pu\u00f2 spostare da [&hellip;]<\/p>\n","protected":false},"author":1,"featured_media":0,"parent":7910,"menu_order":0,"comment_status":"closed","ping_status":"closed","template":"page-full-width.php","meta":{"footnotes":""},"class_list":["post-8032","page","type-page","status-publish","hentry"],"yoast_head":"<title>Produzione - CDZ COMPOSITI<\/title>\n<meta name=\"robots\" content=\"index, follow, max-snippet:-1, max-image-preview:large, max-video-preview:-1\" \/>\n<link rel=\"canonical\" href=\"https:\/\/www.cdzcompositi.com\/it_it\/come-lavoriamo\/produzione\/\" \/>\n<meta property=\"og:locale\" content=\"it_IT\" \/>\n<meta property=\"og:type\" content=\"article\" \/>\n<meta property=\"og:title\" content=\"Produzione - CDZ COMPOSITI\" \/>\n<meta property=\"og:description\" content=\"Flessibilit\u00e0, multicompetenze e velocit\u00e0. Il nostro stabilimento \u00e8 suddiviso in vari reparti, collegati tra loro. Attraverso un accurato studio della logistica con l\u2019apporto di una pianificazione studiata, siamo in grado di produrre lotti importanti in relativamente poco tempo.\u2028 La flessibilit\u00e0 ci \u00e8 anche permessa dalla capacit\u00e0 di formare personale multicompetenze che si pu\u00f2 spostare da [&hellip;]\" \/>\n<meta property=\"og:url\" content=\"https:\/\/www.cdzcompositi.com\/it_it\/come-lavoriamo\/produzione\/\" \/>\n<meta property=\"og:site_name\" content=\"CDZ COMPOSITI\" \/>\n<meta property=\"article:modified_time\" content=\"2023-03-30T08:20:37+00:00\" \/>\n<meta property=\"og:image\" content=\"https:\/\/www.cdzcompositi.com\/wp-content\/uploads\/2022\/11\/MG_4363.jpg\" \/>\n<meta name=\"twitter:card\" content=\"summary_large_image\" \/>\n<meta name=\"twitter:label1\" content=\"Tempo di lettura stimato\" \/>\n\t<meta name=\"twitter:data1\" content=\"2 minuti\" \/>\n<script type=\"application\/ld+json\" class=\"yoast-schema-graph\">{\"@context\":\"https:\\\/\\\/schema.org\",\"@graph\":[{\"@type\":\"WebPage\",\"@id\":\"https:\\\/\\\/www.cdzcompositi.com\\\/it_it\\\/come-lavoriamo\\\/produzione\\\/\",\"url\":\"https:\\\/\\\/www.cdzcompositi.com\\\/it_it\\\/come-lavoriamo\\\/produzione\\\/\",\"name\":\"Produzione - CDZ COMPOSITI\",\"isPartOf\":{\"@id\":\"https:\\\/\\\/www.cdzcompositi.com\\\/#website\"},\"primaryImageOfPage\":{\"@id\":\"https:\\\/\\\/www.cdzcompositi.com\\\/it_it\\\/come-lavoriamo\\\/produzione\\\/#primaryimage\"},\"image\":{\"@id\":\"https:\\\/\\\/www.cdzcompositi.com\\\/it_it\\\/come-lavoriamo\\\/produzione\\\/#primaryimage\"},\"thumbnailUrl\":\"https:\\\/\\\/www.cdzcompositi.com\\\/wp-content\\\/uploads\\\/2022\\\/11\\\/MG_4363.jpg\",\"datePublished\":\"2022-09-14T12:14:09+00:00\",\"dateModified\":\"2023-03-30T08:20:37+00:00\",\"breadcrumb\":{\"@id\":\"https:\\\/\\\/www.cdzcompositi.com\\\/it_it\\\/come-lavoriamo\\\/produzione\\\/#breadcrumb\"},\"inLanguage\":\"it-IT\",\"potentialAction\":[{\"@type\":\"ReadAction\",\"target\":[\"https:\\\/\\\/www.cdzcompositi.com\\\/it_it\\\/come-lavoriamo\\\/produzione\\\/\"]}]},{\"@type\":\"ImageObject\",\"inLanguage\":\"it-IT\",\"@id\":\"https:\\\/\\\/www.cdzcompositi.com\\\/it_it\\\/come-lavoriamo\\\/produzione\\\/#primaryimage\",\"url\":\"https:\\\/\\\/www.cdzcompositi.com\\\/wp-content\\\/uploads\\\/2022\\\/11\\\/MG_4363.jpg\",\"contentUrl\":\"https:\\\/\\\/www.cdzcompositi.com\\\/wp-content\\\/uploads\\\/2022\\\/11\\\/MG_4363.jpg\"},{\"@type\":\"BreadcrumbList\",\"@id\":\"https:\\\/\\\/www.cdzcompositi.com\\\/it_it\\\/come-lavoriamo\\\/produzione\\\/#breadcrumb\",\"itemListElement\":[{\"@type\":\"ListItem\",\"position\":1,\"name\":\"Home\",\"item\":\"https:\\\/\\\/www.cdzcompositi.com\\\/\"},{\"@type\":\"ListItem\",\"position\":2,\"name\":\"Come Lavoriamo\",\"item\":\"https:\\\/\\\/www.cdzcompositi.com\\\/it_it\\\/come-lavoriamo\\\/\"},{\"@type\":\"ListItem\",\"position\":3,\"name\":\"Produzione\"}]},{\"@type\":\"WebSite\",\"@id\":\"https:\\\/\\\/www.cdzcompositi.com\\\/#website\",\"url\":\"https:\\\/\\\/www.cdzcompositi.com\\\/\",\"name\":\"CDZ COMPOSITI\",\"description\":\"Produzione elementi in fibra di carbonio\",\"publisher\":{\"@id\":\"https:\\\/\\\/www.cdzcompositi.com\\\/#organization\"},\"potentialAction\":[{\"@type\":\"SearchAction\",\"target\":{\"@type\":\"EntryPoint\",\"urlTemplate\":\"https:\\\/\\\/www.cdzcompositi.com\\\/?s={search_term_string}\"},\"query-input\":{\"@type\":\"PropertyValueSpecification\",\"valueRequired\":true,\"valueName\":\"search_term_string\"}}],\"inLanguage\":\"it-IT\"},{\"@type\":\"Organization\",\"@id\":\"https:\\\/\\\/www.cdzcompositi.com\\\/#organization\",\"name\":\"CDZ COMPOSITI\",\"url\":\"https:\\\/\\\/www.cdzcompositi.com\\\/\",\"logo\":{\"@type\":\"ImageObject\",\"inLanguage\":\"it-IT\",\"@id\":\"https:\\\/\\\/www.cdzcompositi.com\\\/#\\\/schema\\\/logo\\\/image\\\/\",\"url\":\"https:\\\/\\\/www.cdzcompositi.com\\\/wp-content\\\/uploads\\\/2022\\\/07\\\/cdz_compositi_logo_.png\",\"contentUrl\":\"https:\\\/\\\/www.cdzcompositi.com\\\/wp-content\\\/uploads\\\/2022\\\/07\\\/cdz_compositi_logo_.png\",\"width\":10773,\"height\":1242,\"caption\":\"CDZ COMPOSITI\"},\"image\":{\"@id\":\"https:\\\/\\\/www.cdzcompositi.com\\\/#\\\/schema\\\/logo\\\/image\\\/\"}}]}<\/script>","yoast_head_json":{"title":"Produzione - CDZ COMPOSITI","robots":{"index":"index","follow":"follow","max-snippet":"max-snippet:-1","max-image-preview":"max-image-preview:large","max-video-preview":"max-video-preview:-1"},"canonical":"https:\/\/www.cdzcompositi.com\/it_it\/come-lavoriamo\/produzione\/","og_locale":"it_IT","og_type":"article","og_title":"Produzione - CDZ COMPOSITI","og_description":"Flessibilit\u00e0, multicompetenze e velocit\u00e0. Il nostro stabilimento \u00e8 suddiviso in vari reparti, collegati tra loro. Attraverso un accurato studio della logistica con l\u2019apporto di una pianificazione studiata, siamo in grado di produrre lotti importanti in relativamente poco tempo.\u2028 La flessibilit\u00e0 ci \u00e8 anche permessa dalla capacit\u00e0 di formare personale multicompetenze che si pu\u00f2 spostare da [&hellip;]","og_url":"https:\/\/www.cdzcompositi.com\/it_it\/come-lavoriamo\/produzione\/","og_site_name":"CDZ COMPOSITI","article_modified_time":"2023-03-30T08:20:37+00:00","og_image":[{"url":"https:\/\/www.cdzcompositi.com\/wp-content\/uploads\/2022\/11\/MG_4363.jpg","type":"","width":"","height":""}],"twitter_card":"summary_large_image","twitter_misc":{"Tempo di lettura stimato":"2 minuti"},"schema":{"@context":"https:\/\/schema.org","@graph":[{"@type":"WebPage","@id":"https:\/\/www.cdzcompositi.com\/it_it\/come-lavoriamo\/produzione\/","url":"https:\/\/www.cdzcompositi.com\/it_it\/come-lavoriamo\/produzione\/","name":"Produzione - CDZ COMPOSITI","isPartOf":{"@id":"https:\/\/www.cdzcompositi.com\/#website"},"primaryImageOfPage":{"@id":"https:\/\/www.cdzcompositi.com\/it_it\/come-lavoriamo\/produzione\/#primaryimage"},"image":{"@id":"https:\/\/www.cdzcompositi.com\/it_it\/come-lavoriamo\/produzione\/#primaryimage"},"thumbnailUrl":"https:\/\/www.cdzcompositi.com\/wp-content\/uploads\/2022\/11\/MG_4363.jpg","datePublished":"2022-09-14T12:14:09+00:00","dateModified":"2023-03-30T08:20:37+00:00","breadcrumb":{"@id":"https:\/\/www.cdzcompositi.com\/it_it\/come-lavoriamo\/produzione\/#breadcrumb"},"inLanguage":"it-IT","potentialAction":[{"@type":"ReadAction","target":["https:\/\/www.cdzcompositi.com\/it_it\/come-lavoriamo\/produzione\/"]}]},{"@type":"ImageObject","inLanguage":"it-IT","@id":"https:\/\/www.cdzcompositi.com\/it_it\/come-lavoriamo\/produzione\/#primaryimage","url":"https:\/\/www.cdzcompositi.com\/wp-content\/uploads\/2022\/11\/MG_4363.jpg","contentUrl":"https:\/\/www.cdzcompositi.com\/wp-content\/uploads\/2022\/11\/MG_4363.jpg"},{"@type":"BreadcrumbList","@id":"https:\/\/www.cdzcompositi.com\/it_it\/come-lavoriamo\/produzione\/#breadcrumb","itemListElement":[{"@type":"ListItem","position":1,"name":"Home","item":"https:\/\/www.cdzcompositi.com\/"},{"@type":"ListItem","position":2,"name":"Come Lavoriamo","item":"https:\/\/www.cdzcompositi.com\/it_it\/come-lavoriamo\/"},{"@type":"ListItem","position":3,"name":"Produzione"}]},{"@type":"WebSite","@id":"https:\/\/www.cdzcompositi.com\/#website","url":"https:\/\/www.cdzcompositi.com\/","name":"CDZ COMPOSITI","description":"Produzione elementi in fibra di carbonio","publisher":{"@id":"https:\/\/www.cdzcompositi.com\/#organization"},"potentialAction":[{"@type":"SearchAction","target":{"@type":"EntryPoint","urlTemplate":"https:\/\/www.cdzcompositi.com\/?s={search_term_string}"},"query-input":{"@type":"PropertyValueSpecification","valueRequired":true,"valueName":"search_term_string"}}],"inLanguage":"it-IT"},{"@type":"Organization","@id":"https:\/\/www.cdzcompositi.com\/#organization","name":"CDZ COMPOSITI","url":"https:\/\/www.cdzcompositi.com\/","logo":{"@type":"ImageObject","inLanguage":"it-IT","@id":"https:\/\/www.cdzcompositi.com\/#\/schema\/logo\/image\/","url":"https:\/\/www.cdzcompositi.com\/wp-content\/uploads\/2022\/07\/cdz_compositi_logo_.png","contentUrl":"https:\/\/www.cdzcompositi.com\/wp-content\/uploads\/2022\/07\/cdz_compositi_logo_.png","width":10773,"height":1242,"caption":"CDZ COMPOSITI"},"image":{"@id":"https:\/\/www.cdzcompositi.com\/#\/schema\/logo\/image\/"}}]}},"_links":{"self":[{"href":"https:\/\/www.cdzcompositi.com\/it_it\/wp-json\/wp\/v2\/pages\/8032","targetHints":{"allow":["GET"]}}],"collection":[{"href":"https:\/\/www.cdzcompositi.com\/it_it\/wp-json\/wp\/v2\/pages"}],"about":[{"href":"https:\/\/www.cdzcompositi.com\/it_it\/wp-json\/wp\/v2\/types\/page"}],"author":[{"embeddable":true,"href":"https:\/\/www.cdzcompositi.com\/it_it\/wp-json\/wp\/v2\/users\/1"}],"replies":[{"embeddable":true,"href":"https:\/\/www.cdzcompositi.com\/it_it\/wp-json\/wp\/v2\/comments?post=8032"}],"version-history":[{"count":69,"href":"https:\/\/www.cdzcompositi.com\/it_it\/wp-json\/wp\/v2\/pages\/8032\/revisions"}],"predecessor-version":[{"id":9219,"href":"https:\/\/www.cdzcompositi.com\/it_it\/wp-json\/wp\/v2\/pages\/8032\/revisions\/9219"}],"up":[{"embeddable":true,"href":"https:\/\/www.cdzcompositi.com\/it_it\/wp-json\/wp\/v2\/pages\/7910"}],"wp:attachment":[{"href":"https:\/\/www.cdzcompositi.com\/it_it\/wp-json\/wp\/v2\/media?parent=8032"}],"curies":[{"name":"wp","href":"https:\/\/api.w.org\/{rel}","templated":true}]}}