{"id":7893,"date":"2022-09-05T11:54:16","date_gmt":"2022-09-05T09:54:16","guid":{"rendered":"https:\/\/cdz.novadi.it\/?page_id=7893"},"modified":"2024-09-04T13:41:33","modified_gmt":"2024-09-04T11:41:33","slug":"mission-e-valori","status":"publish","type":"page","link":"https:\/\/www.cdzcompositi.com\/en_gb\/mission-e-valori\/","title":{"rendered":"Mission and Values"},"content":{"rendered":"<div data-elementor-type=\"wp-page\" data-elementor-id=\"7893\" class=\"elementor elementor-7893\">\n\t\t\t\t\t\t<section class=\"elementor-section elementor-top-section elementor-element elementor-element-3f5323ed elementor-section-full_width elementor-section-stretched elementor-section-height-default elementor-section-height-default qodef-elementor-content-no elementor-invisible\" data-id=\"3f5323ed\" data-element_type=\"section\" data-e-type=\"section\" data-settings=\"{&quot;stretch_section&quot;:&quot;section-stretched&quot;,&quot;background_background&quot;:&quot;classic&quot;,&quot;animation&quot;:&quot;fadeInLeft&quot;}\">\n\t\t\t\t\t\t<div class=\"elementor-container elementor-column-gap-default\">\n\t\t\t\t\t<div class=\"elementor-column elementor-col-100 elementor-top-column elementor-element elementor-element-ba26dea\" data-id=\"ba26dea\" data-element_type=\"column\" data-e-type=\"column\">\n\t\t\t<div class=\"elementor-widget-wrap elementor-element-populated\">\n\t\t\t\t\t\t<div class=\"elementor-element elementor-element-b050a28 elementor-widget elementor-widget-heading\" data-id=\"b050a28\" data-element_type=\"widget\" data-e-type=\"widget\" data-widget_type=\"heading.default\">\n\t\t\t\t<div class=\"elementor-widget-container\">\n\t\t\t\t\t<h2 class=\"elementor-heading-title elementor-size-default\">La nostra etica imprenditoriale<\/h2>\t\t\t\t<\/div>\n\t\t\t\t<\/div>\n\t\t\t\t\t<\/div>\n\t\t<\/div>\n\t\t\t\t\t<\/div>\n\t\t<\/section>\n\t\t\t\t<section class=\"elementor-section elementor-top-section elementor-element elementor-element-c4979d1 elementor-section-boxed elementor-section-height-default elementor-section-height-default qodef-elementor-content-no\" data-id=\"c4979d1\" data-element_type=\"section\" data-e-type=\"section\">\n\t\t\t\t\t\t<div class=\"elementor-container elementor-column-gap-default\">\n\t\t\t\t\t<div class=\"elementor-column elementor-col-33 elementor-top-column elementor-element elementor-element-bdad131 elementor-invisible\" data-id=\"bdad131\" data-element_type=\"column\" data-e-type=\"column\" data-settings=\"{&quot;animation&quot;:&quot;zoomIn&quot;}\">\n\t\t\t<div class=\"elementor-widget-wrap elementor-element-populated\">\n\t\t\t\t\t\t<div class=\"elementor-element elementor-element-2b9d414 elementor-position-top elementor-widget elementor-widget-image-box\" data-id=\"2b9d414\" data-element_type=\"widget\" data-e-type=\"widget\" data-widget_type=\"image-box.default\">\n\t\t\t\t<div class=\"elementor-widget-container\">\n\t\t\t\t\t<div class=\"elementor-image-box-wrapper\"><figure class=\"elementor-image-box-img\"><img fetchpriority=\"high\" decoding=\"async\" width=\"512\" height=\"512\" src=\"https:\/\/www.cdzcompositi.com\/wp-content\/uploads\/2022\/09\/tools-cross-settings-symbol-for-interface-1.png\" class=\"elementor-animation-shrink attachment-full size-full wp-image-7898\" alt=\"\" srcset=\"https:\/\/www.cdzcompositi.com\/wp-content\/uploads\/2022\/09\/tools-cross-settings-symbol-for-interface-1.png 512w, https:\/\/www.cdzcompositi.com\/wp-content\/uploads\/2022\/09\/tools-cross-settings-symbol-for-interface-1-300x300.png 300w, https:\/\/www.cdzcompositi.com\/wp-content\/uploads\/2022\/09\/tools-cross-settings-symbol-for-interface-1-150x150.png 150w, https:\/\/www.cdzcompositi.com\/wp-content\/uploads\/2022\/09\/tools-cross-settings-symbol-for-interface-1-12x12.png 12w\" sizes=\"(max-width: 512px) 100vw, 512px\" \/><\/figure><div class=\"elementor-image-box-content\"><h5 class=\"elementor-image-box-title\">AFFIDABILITA<\/h5><p class=\"elementor-image-box-description\">Utmost attention and precision as regards both work and consignment<\/p><\/div><\/div>\t\t\t\t<\/div>\n\t\t\t\t<\/div>\n\t\t\t\t\t<\/div>\n\t\t<\/div>\n\t\t\t\t<div class=\"elementor-column elementor-col-33 elementor-top-column elementor-element elementor-element-31df7e2 elementor-invisible\" data-id=\"31df7e2\" data-element_type=\"column\" data-e-type=\"column\" data-settings=\"{&quot;animation&quot;:&quot;zoomIn&quot;,&quot;animation_delay&quot;:100}\">\n\t\t\t<div class=\"elementor-widget-wrap elementor-element-populated\">\n\t\t\t\t\t\t<div class=\"elementor-element elementor-element-291719e elementor-position-top elementor-widget elementor-widget-image-box\" data-id=\"291719e\" data-element_type=\"widget\" data-e-type=\"widget\" data-widget_type=\"image-box.default\">\n\t\t\t\t<div class=\"elementor-widget-container\">\n\t\t\t\t\t<div class=\"elementor-image-box-wrapper\"><figure class=\"elementor-image-box-img\"><img decoding=\"async\" width=\"512\" height=\"512\" src=\"https:\/\/www.cdzcompositi.com\/wp-content\/uploads\/2022\/09\/lock.png\" class=\"elementor-animation-shrink attachment-full size-full wp-image-7899\" alt=\"\" srcset=\"https:\/\/www.cdzcompositi.com\/wp-content\/uploads\/2022\/09\/lock.png 512w, https:\/\/www.cdzcompositi.com\/wp-content\/uploads\/2022\/09\/lock-300x300.png 300w, https:\/\/www.cdzcompositi.com\/wp-content\/uploads\/2022\/09\/lock-150x150.png 150w, https:\/\/www.cdzcompositi.com\/wp-content\/uploads\/2022\/09\/lock-12x12.png 12w\" sizes=\"(max-width: 512px) 100vw, 512px\" \/><\/figure><div class=\"elementor-image-box-content\"><h4 class=\"elementor-image-box-title\">CONFIDENTIALITY<\/h4><p class=\"elementor-image-box-description\">Confidentiality guaranteed as regards both paperwork and parts manufacturing. When necessary, manufacturing takes place in special areas accessible to authorized personnel only.<\/p><\/div><\/div>\t\t\t\t<\/div>\n\t\t\t\t<\/div>\n\t\t\t\t\t<\/div>\n\t\t<\/div>\n\t\t\t\t<div class=\"elementor-column elementor-col-33 elementor-top-column elementor-element elementor-element-0e047dc elementor-invisible\" data-id=\"0e047dc\" data-element_type=\"column\" data-e-type=\"column\" data-settings=\"{&quot;animation&quot;:&quot;zoomIn&quot;}\">\n\t\t\t<div class=\"elementor-widget-wrap elementor-element-populated\">\n\t\t\t\t\t\t<div class=\"elementor-element elementor-element-6a798e9 elementor-position-top elementor-widget elementor-widget-image-box\" data-id=\"6a798e9\" data-element_type=\"widget\" data-e-type=\"widget\" data-widget_type=\"image-box.default\">\n\t\t\t\t<div class=\"elementor-widget-container\">\n\t\t\t\t\t<div class=\"elementor-image-box-wrapper\"><figure class=\"elementor-image-box-img\"><img decoding=\"async\" width=\"512\" height=\"512\" src=\"https:\/\/www.cdzcompositi.com\/wp-content\/uploads\/2022\/09\/multiple-users-silhouette.png\" class=\"elementor-animation-shrink attachment-full size-full wp-image-7900\" alt=\"\" srcset=\"https:\/\/www.cdzcompositi.com\/wp-content\/uploads\/2022\/09\/multiple-users-silhouette.png 512w, https:\/\/www.cdzcompositi.com\/wp-content\/uploads\/2022\/09\/multiple-users-silhouette-300x300.png 300w, https:\/\/www.cdzcompositi.com\/wp-content\/uploads\/2022\/09\/multiple-users-silhouette-150x150.png 150w, https:\/\/www.cdzcompositi.com\/wp-content\/uploads\/2022\/09\/multiple-users-silhouette-12x12.png 12w\" sizes=\"(max-width: 512px) 100vw, 512px\" \/><\/figure><div class=\"elementor-image-box-content\"><h4 class=\"elementor-image-box-title\">RELATIONSHIP<\/h4><p class=\"elementor-image-box-description\">Customer relationship based on technical collaboration for co-development.<\/p><\/div><\/div>\t\t\t\t<\/div>\n\t\t\t\t<\/div>\n\t\t\t\t\t<\/div>\n\t\t<\/div>\n\t\t\t\t\t<\/div>\n\t\t<\/section>\n\t\t\t\t<section class=\"elementor-section elementor-top-section elementor-element elementor-element-5f9dbd2 elementor-section-boxed elementor-section-height-default elementor-section-height-default qodef-elementor-content-no\" data-id=\"5f9dbd2\" data-element_type=\"section\" data-e-type=\"section\">\n\t\t\t\t\t\t<div class=\"elementor-container elementor-column-gap-default\">\n\t\t\t\t\t<div class=\"elementor-column elementor-col-33 elementor-top-column elementor-element elementor-element-02d904c elementor-invisible\" data-id=\"02d904c\" data-element_type=\"column\" data-e-type=\"column\" data-settings=\"{&quot;animation&quot;:&quot;zoomIn&quot;}\">\n\t\t\t<div class=\"elementor-widget-wrap elementor-element-populated\">\n\t\t\t\t\t\t<div class=\"elementor-element elementor-element-b7f9ace elementor-position-top elementor-widget elementor-widget-image-box\" data-id=\"b7f9ace\" data-element_type=\"widget\" data-e-type=\"widget\" data-widget_type=\"image-box.default\">\n\t\t\t\t<div class=\"elementor-widget-container\">\n\t\t\t\t\t<div class=\"elementor-image-box-wrapper\"><figure class=\"elementor-image-box-img\"><img loading=\"lazy\" decoding=\"async\" width=\"512\" height=\"512\" src=\"https:\/\/www.cdzcompositi.com\/wp-content\/uploads\/2022\/09\/roundabout.png\" class=\"elementor-animation-shrink attachment-full size-full wp-image-7901\" alt=\"\" srcset=\"https:\/\/www.cdzcompositi.com\/wp-content\/uploads\/2022\/09\/roundabout.png 512w, https:\/\/www.cdzcompositi.com\/wp-content\/uploads\/2022\/09\/roundabout-300x300.png 300w, https:\/\/www.cdzcompositi.com\/wp-content\/uploads\/2022\/09\/roundabout-150x150.png 150w, https:\/\/www.cdzcompositi.com\/wp-content\/uploads\/2022\/09\/roundabout-12x12.png 12w\" sizes=\"(max-width: 512px) 100vw, 512px\" \/><\/figure><div class=\"elementor-image-box-content\"><h4 class=\"elementor-image-box-title\">SUPPLIERS<\/h4><p class=\"elementor-image-box-description\">Selection of strategic suppliers that work in compliance with the confidentiality agreement and the CDZ Quality System.<\/p><\/div><\/div>\t\t\t\t<\/div>\n\t\t\t\t<\/div>\n\t\t\t\t\t<\/div>\n\t\t<\/div>\n\t\t\t\t<div class=\"elementor-column elementor-col-33 elementor-top-column elementor-element elementor-element-2994353 elementor-invisible\" data-id=\"2994353\" data-element_type=\"column\" data-e-type=\"column\" data-settings=\"{&quot;animation&quot;:&quot;zoomIn&quot;}\">\n\t\t\t<div class=\"elementor-widget-wrap elementor-element-populated\">\n\t\t\t\t\t\t<div class=\"elementor-element elementor-element-1293a31 elementor-position-top elementor-widget elementor-widget-image-box\" data-id=\"1293a31\" data-element_type=\"widget\" data-e-type=\"widget\" data-widget_type=\"image-box.default\">\n\t\t\t\t<div class=\"elementor-widget-container\">\n\t\t\t\t\t<div class=\"elementor-image-box-wrapper\"><figure class=\"elementor-image-box-img\"><img loading=\"lazy\" decoding=\"async\" width=\"512\" height=\"512\" src=\"https:\/\/www.cdzcompositi.com\/wp-content\/uploads\/2022\/09\/podium.png\" class=\"elementor-animation-shrink attachment-full size-full wp-image-7902\" alt=\"\" srcset=\"https:\/\/www.cdzcompositi.com\/wp-content\/uploads\/2022\/09\/podium.png 512w, https:\/\/www.cdzcompositi.com\/wp-content\/uploads\/2022\/09\/podium-300x300.png 300w, https:\/\/www.cdzcompositi.com\/wp-content\/uploads\/2022\/09\/podium-150x150.png 150w, https:\/\/www.cdzcompositi.com\/wp-content\/uploads\/2022\/09\/podium-12x12.png 12w\" sizes=\"(max-width: 512px) 100vw, 512px\" \/><\/figure><div class=\"elementor-image-box-content\"><h4 class=\"elementor-image-box-title\">CHOICES<\/h4><p class=\"elementor-image-box-description\">We choose not to work for competing clients where sensitive strategic projects are concerned.<\/p><\/div><\/div>\t\t\t\t<\/div>\n\t\t\t\t<\/div>\n\t\t\t\t\t<\/div>\n\t\t<\/div>\n\t\t\t\t<div class=\"elementor-column elementor-col-33 elementor-top-column elementor-element elementor-element-92e02c9\" data-id=\"92e02c9\" data-element_type=\"column\" data-e-type=\"column\">\n\t\t\t<div class=\"elementor-widget-wrap\">\n\t\t\t\t\t\t\t<\/div>\n\t\t<\/div>\n\t\t\t\t\t<\/div>\n\t\t<\/section>\n\t\t\t\t<section class=\"elementor-section elementor-top-section elementor-element elementor-element-1bb8117 elementor-section-boxed elementor-section-height-default elementor-section-height-default qodef-elementor-content-no\" data-id=\"1bb8117\" data-element_type=\"section\" data-e-type=\"section\">\n\t\t\t\t\t\t<div class=\"elementor-container elementor-column-gap-default\">\n\t\t\t\t\t<div class=\"elementor-column elementor-col-100 elementor-top-column elementor-element elementor-element-ca2e645\" data-id=\"ca2e645\" data-element_type=\"column\" data-e-type=\"column\">\n\t\t\t<div class=\"elementor-widget-wrap elementor-element-populated\">\n\t\t\t\t\t\t<div class=\"elementor-element elementor-element-1fa6af1 elementor-widget elementor-widget-spacer\" data-id=\"1fa6af1\" data-element_type=\"widget\" data-e-type=\"widget\" data-widget_type=\"spacer.default\">\n\t\t\t\t<div class=\"elementor-widget-container\">\n\t\t\t\t\t\t\t<div class=\"elementor-spacer\">\n\t\t\t<div class=\"elementor-spacer-inner\"><\/div>\n\t\t<\/div>\n\t\t\t\t\t\t<\/div>\n\t\t\t\t<\/div>\n\t\t\t\t<div class=\"elementor-element elementor-element-b7d4fa5 elementor-widget elementor-widget-heading\" data-id=\"b7d4fa5\" data-element_type=\"widget\" data-e-type=\"widget\" data-widget_type=\"heading.default\">\n\t\t\t\t<div class=\"elementor-widget-container\">\n\t\t\t\t\t<h2 class=\"elementor-heading-title elementor-size-default\">Code of Ethics<\/h2>\t\t\t\t<\/div>\n\t\t\t\t<\/div>\n\t\t\t\t<div class=\"elementor-element elementor-element-8c5209a elementor-widget elementor-widget-text-editor\" data-id=\"8c5209a\" data-element_type=\"widget\" data-e-type=\"widget\" data-settings=\"{&quot;_animation&quot;:&quot;none&quot;}\" data-widget_type=\"text-editor.default\">\n\t\t\t\t<div class=\"elementor-widget-container\">\n\t\t\t\t\t\t\t\t\t<p>L\u2019etica nell\u2019attivit\u00e0 imprenditoriale \u00e8 approccio di fondamentale importanza per il buon funzionamento e la credibilit\u00e0 di un\u2019azienda verso i soci, verso i dipendenti e verso clienti e fornitori e, pi\u00f9 in generale, verso l\u2019intero contesto economico nel quale essa opera.<\/p><p><br \/>CDZ Compositi intends to transform the knowledge and appreciation of the ethical values to which it relates into a competitive advantage.<\/p><p>The Company has therefore decided to adopt a Code of Ethics and conduct, in order to confirm and establish in a document the principles of correctness, loyalty, integrity and transparency of conduct, of the way of operating and of the conduct of relations both to its own internal and towards third parties.<\/p>\t\t\t\t\t\t\t\t<\/div>\n\t\t\t\t<\/div>\n\t\t\t\t<div class=\"elementor-element elementor-element-54b985b elementor-invisible elementor-widget elementor-widget-globefarer_core_button\" data-id=\"54b985b\" data-element_type=\"widget\" data-e-type=\"widget\" data-settings=\"{&quot;_animation&quot;:&quot;fadeIn&quot;,&quot;_animation_delay&quot;:500}\" data-widget_type=\"globefarer_core_button.default\">\n\t\t\t\t<div class=\"elementor-widget-container\">\n\t\t\t\t\t<a class=\"qodef-shortcode qodef-m  qodef-button qodef-layout--filled  qodef-html--link\" href=\"https:\/\/www.cdzcompositi.com\/wp-content\/uploads\/2024\/09\/CODICE-ETICO-CDZ-2024.pdf\" target=\"_blank\"  >\n\t\t\t<span class=\"qodef-m-button-icon\"><svg class=\"qodef-svg--plus\" xmlns=\"http:\/\/www.w3.org\/2000\/svg\" xmlns:xlink=\"http:\/\/www.w3.org\/1999\/xlink\" width=\"14\" height=\"14\" viewbox=\"0 0 14 14\"><path class=\"qodef-m-horizontal\" d=\"M0,0H14V2H0Z\" transform=\"translate(0 6)\" \/><path class=\"qodef-m-vertical\" d=\"M0,0H2V14H0Z\" transform=\"translate(6)\" \/><\/svg><\/span>\n\t\t\t\t<span class=\"qodef-m-button-text\">Scarica il Codice Etico CDZ completo<\/span>\n\t<\/a>\n\t\t\t\t<\/div>\n\t\t\t\t<\/div>\n\t\t\t\t<div class=\"elementor-element elementor-element-1ae42e2 elementor-widget elementor-widget-spacer\" data-id=\"1ae42e2\" data-element_type=\"widget\" data-e-type=\"widget\" data-widget_type=\"spacer.default\">\n\t\t\t\t<div class=\"elementor-widget-container\">\n\t\t\t\t\t\t\t<div class=\"elementor-spacer\">\n\t\t\t<div class=\"elementor-spacer-inner\"><\/div>\n\t\t<\/div>\n\t\t\t\t\t\t<\/div>\n\t\t\t\t<\/div>\n\t\t\t\t\t<\/div>\n\t\t<\/div>\n\t\t\t\t\t<\/div>\n\t\t<\/section>\n\t\t\t\t<\/div>","protected":false},"excerpt":{"rendered":"<p>La nostra etica imprenditoriale AFFIDABILITA Massima attenzione e precisione nel lavoro e nelle consegne RISERVATEZZA Riservatezza sia della documentazione sia nella realizzazione dei particolari, eseguita, se necessario, in aree appositamente dedicate ed accessibili solo al personale autorizzato. RAPPORTI Rapporti con la clientela basati sulla collaborazione tecnica per il co-sviluppo. FORNITORI Selezione di fornitori strategici, che [&hellip;]<\/p>\n","protected":false},"author":1,"featured_media":0,"parent":0,"menu_order":0,"comment_status":"closed","ping_status":"closed","template":"","meta":{"footnotes":""},"class_list":["post-7893","page","type-page","status-publish","hentry"],"yoast_head":"<title>Mission e Valori - CDZ COMPOSITI<\/title>\n<meta name=\"description\" content=\"CDZ Compositi intende trasformare in un vantaggio competitivo la conoscenza e l\u2019apprezzamento dei valori etici ai quali si rapporta.\" \/>\n<meta name=\"robots\" content=\"index, follow, max-snippet:-1, max-image-preview:large, max-video-preview:-1\" \/>\n<link rel=\"canonical\" href=\"https:\/\/www.cdzcompositi.com\/en_gb\/mission-e-valori\/\" \/>\n<meta property=\"og:locale\" content=\"en_GB\" \/>\n<meta property=\"og:type\" content=\"article\" \/>\n<meta property=\"og:title\" content=\"Mission e Valori - CDZ COMPOSITI\" \/>\n<meta property=\"og:description\" content=\"CDZ Compositi intende trasformare in un vantaggio competitivo la conoscenza e l\u2019apprezzamento dei valori etici ai quali si rapporta.\" \/>\n<meta property=\"og:url\" content=\"https:\/\/www.cdzcompositi.com\/en_gb\/mission-e-valori\/\" \/>\n<meta property=\"og:site_name\" content=\"CDZ COMPOSITI\" \/>\n<meta property=\"article:modified_time\" content=\"2024-09-04T11:41:33+00:00\" \/>\n<meta property=\"og:image\" content=\"https:\/\/www.cdzcompositi.com\/wp-content\/uploads\/2022\/09\/tools-cross-settings-symbol-for-interface-1.png\" \/>\n<meta name=\"twitter:card\" content=\"summary_large_image\" \/>\n<meta name=\"twitter:label1\" content=\"Estimated reading time\" \/>\n\t<meta name=\"twitter:data1\" content=\"3 minutes\" \/>\n<script type=\"application\/ld+json\" class=\"yoast-schema-graph\">{\"@context\":\"https:\\\/\\\/schema.org\",\"@graph\":[{\"@type\":\"WebPage\",\"@id\":\"https:\\\/\\\/www.cdzcompositi.com\\\/it_it\\\/mission-e-valori\\\/\",\"url\":\"https:\\\/\\\/www.cdzcompositi.com\\\/it_it\\\/mission-e-valori\\\/\",\"name\":\"Mission e Valori - CDZ COMPOSITI\",\"isPartOf\":{\"@id\":\"https:\\\/\\\/www.cdzcompositi.com\\\/#website\"},\"primaryImageOfPage\":{\"@id\":\"https:\\\/\\\/www.cdzcompositi.com\\\/it_it\\\/mission-e-valori\\\/#primaryimage\"},\"image\":{\"@id\":\"https:\\\/\\\/www.cdzcompositi.com\\\/it_it\\\/mission-e-valori\\\/#primaryimage\"},\"thumbnailUrl\":\"https:\\\/\\\/www.cdzcompositi.com\\\/wp-content\\\/uploads\\\/2022\\\/09\\\/tools-cross-settings-symbol-for-interface-1.png\",\"datePublished\":\"2022-09-05T09:54:16+00:00\",\"dateModified\":\"2024-09-04T11:41:33+00:00\",\"description\":\"CDZ Compositi intende trasformare in un vantaggio competitivo la conoscenza e l\u2019apprezzamento dei valori etici ai quali si rapporta.\",\"breadcrumb\":{\"@id\":\"https:\\\/\\\/www.cdzcompositi.com\\\/it_it\\\/mission-e-valori\\\/#breadcrumb\"},\"inLanguage\":\"en-GB\",\"potentialAction\":[{\"@type\":\"ReadAction\",\"target\":[\"https:\\\/\\\/www.cdzcompositi.com\\\/it_it\\\/mission-e-valori\\\/\"]}]},{\"@type\":\"ImageObject\",\"inLanguage\":\"en-GB\",\"@id\":\"https:\\\/\\\/www.cdzcompositi.com\\\/it_it\\\/mission-e-valori\\\/#primaryimage\",\"url\":\"https:\\\/\\\/www.cdzcompositi.com\\\/wp-content\\\/uploads\\\/2022\\\/09\\\/tools-cross-settings-symbol-for-interface-1.png\",\"contentUrl\":\"https:\\\/\\\/www.cdzcompositi.com\\\/wp-content\\\/uploads\\\/2022\\\/09\\\/tools-cross-settings-symbol-for-interface-1.png\"},{\"@type\":\"BreadcrumbList\",\"@id\":\"https:\\\/\\\/www.cdzcompositi.com\\\/it_it\\\/mission-e-valori\\\/#breadcrumb\",\"itemListElement\":[{\"@type\":\"ListItem\",\"position\":1,\"name\":\"Home\",\"item\":\"https:\\\/\\\/www.cdzcompositi.com\\\/\"},{\"@type\":\"ListItem\",\"position\":2,\"name\":\"Mission e Valori\"}]},{\"@type\":\"WebSite\",\"@id\":\"https:\\\/\\\/www.cdzcompositi.com\\\/#website\",\"url\":\"https:\\\/\\\/www.cdzcompositi.com\\\/\",\"name\":\"CDZ COMPOSITI\",\"description\":\"Produzione elementi in fibra di carbonio\",\"publisher\":{\"@id\":\"https:\\\/\\\/www.cdzcompositi.com\\\/#organization\"},\"potentialAction\":[{\"@type\":\"SearchAction\",\"target\":{\"@type\":\"EntryPoint\",\"urlTemplate\":\"https:\\\/\\\/www.cdzcompositi.com\\\/?s={search_term_string}\"},\"query-input\":{\"@type\":\"PropertyValueSpecification\",\"valueRequired\":true,\"valueName\":\"search_term_string\"}}],\"inLanguage\":\"en-GB\"},{\"@type\":\"Organization\",\"@id\":\"https:\\\/\\\/www.cdzcompositi.com\\\/#organization\",\"name\":\"CDZ COMPOSITI\",\"url\":\"https:\\\/\\\/www.cdzcompositi.com\\\/\",\"logo\":{\"@type\":\"ImageObject\",\"inLanguage\":\"en-GB\",\"@id\":\"https:\\\/\\\/www.cdzcompositi.com\\\/#\\\/schema\\\/logo\\\/image\\\/\",\"url\":\"https:\\\/\\\/www.cdzcompositi.com\\\/wp-content\\\/uploads\\\/2022\\\/07\\\/cdz_compositi_logo_.png\",\"contentUrl\":\"https:\\\/\\\/www.cdzcompositi.com\\\/wp-content\\\/uploads\\\/2022\\\/07\\\/cdz_compositi_logo_.png\",\"width\":10773,\"height\":1242,\"caption\":\"CDZ COMPOSITI\"},\"image\":{\"@id\":\"https:\\\/\\\/www.cdzcompositi.com\\\/#\\\/schema\\\/logo\\\/image\\\/\"}}]}<\/script>","yoast_head_json":{"title":"Mission e Valori - CDZ COMPOSITI","description":"CDZ Compositi intends to transform the knowledge and appreciation of the ethical values to which it relates into a competitive advantage.","robots":{"index":"index","follow":"follow","max-snippet":"max-snippet:-1","max-image-preview":"max-image-preview:large","max-video-preview":"max-video-preview:-1"},"canonical":"https:\/\/www.cdzcompositi.com\/en_gb\/mission-e-valori\/","og_locale":"en_GB","og_type":"article","og_title":"Mission e Valori - CDZ COMPOSITI","og_description":"CDZ Compositi intende trasformare in un vantaggio competitivo la conoscenza e l\u2019apprezzamento dei valori etici ai quali si rapporta.","og_url":"https:\/\/www.cdzcompositi.com\/en_gb\/mission-e-valori\/","og_site_name":"CDZ COMPOSITI","article_modified_time":"2024-09-04T11:41:33+00:00","og_image":[{"url":"https:\/\/www.cdzcompositi.com\/wp-content\/uploads\/2022\/09\/tools-cross-settings-symbol-for-interface-1.png","type":"","width":"","height":""}],"twitter_card":"summary_large_image","twitter_misc":{"Estimated reading time":"3 minutes"},"schema":{"@context":"https:\/\/schema.org","@graph":[{"@type":"WebPage","@id":"https:\/\/www.cdzcompositi.com\/it_it\/mission-e-valori\/","url":"https:\/\/www.cdzcompositi.com\/it_it\/mission-e-valori\/","name":"Mission e Valori - CDZ COMPOSITI","isPartOf":{"@id":"https:\/\/www.cdzcompositi.com\/#website"},"primaryImageOfPage":{"@id":"https:\/\/www.cdzcompositi.com\/it_it\/mission-e-valori\/#primaryimage"},"image":{"@id":"https:\/\/www.cdzcompositi.com\/it_it\/mission-e-valori\/#primaryimage"},"thumbnailUrl":"https:\/\/www.cdzcompositi.com\/wp-content\/uploads\/2022\/09\/tools-cross-settings-symbol-for-interface-1.png","datePublished":"2022-09-05T09:54:16+00:00","dateModified":"2024-09-04T11:41:33+00:00","description":"CDZ Compositi intends to transform the knowledge and appreciation of the ethical values to which it relates into a competitive advantage.","breadcrumb":{"@id":"https:\/\/www.cdzcompositi.com\/it_it\/mission-e-valori\/#breadcrumb"},"inLanguage":"en-GB","potentialAction":[{"@type":"ReadAction","target":["https:\/\/www.cdzcompositi.com\/it_it\/mission-e-valori\/"]}]},{"@type":"ImageObject","inLanguage":"en-GB","@id":"https:\/\/www.cdzcompositi.com\/it_it\/mission-e-valori\/#primaryimage","url":"https:\/\/www.cdzcompositi.com\/wp-content\/uploads\/2022\/09\/tools-cross-settings-symbol-for-interface-1.png","contentUrl":"https:\/\/www.cdzcompositi.com\/wp-content\/uploads\/2022\/09\/tools-cross-settings-symbol-for-interface-1.png"},{"@type":"BreadcrumbList","@id":"https:\/\/www.cdzcompositi.com\/it_it\/mission-e-valori\/#breadcrumb","itemListElement":[{"@type":"ListItem","position":1,"name":"Home","item":"https:\/\/www.cdzcompositi.com\/"},{"@type":"ListItem","position":2,"name":"Mission e Valori"}]},{"@type":"WebSite","@id":"https:\/\/www.cdzcompositi.com\/#website","url":"https:\/\/www.cdzcompositi.com\/","name":"CDZ COMPOSITI","description":"Produzione elementi in fibra di carbonio","publisher":{"@id":"https:\/\/www.cdzcompositi.com\/#organization"},"potentialAction":[{"@type":"SearchAction","target":{"@type":"EntryPoint","urlTemplate":"https:\/\/www.cdzcompositi.com\/?s={search_term_string}"},"query-input":{"@type":"PropertyValueSpecification","valueRequired":true,"valueName":"search_term_string"}}],"inLanguage":"en-GB"},{"@type":"Organization","@id":"https:\/\/www.cdzcompositi.com\/#organization","name":"CDZ COMPOSITI","url":"https:\/\/www.cdzcompositi.com\/","logo":{"@type":"ImageObject","inLanguage":"en-GB","@id":"https:\/\/www.cdzcompositi.com\/#\/schema\/logo\/image\/","url":"https:\/\/www.cdzcompositi.com\/wp-content\/uploads\/2022\/07\/cdz_compositi_logo_.png","contentUrl":"https:\/\/www.cdzcompositi.com\/wp-content\/uploads\/2022\/07\/cdz_compositi_logo_.png","width":10773,"height":1242,"caption":"CDZ COMPOSITI"},"image":{"@id":"https:\/\/www.cdzcompositi.com\/#\/schema\/logo\/image\/"}}]}},"_links":{"self":[{"href":"https:\/\/www.cdzcompositi.com\/en_gb\/wp-json\/wp\/v2\/pages\/7893","targetHints":{"allow":["GET"]}}],"collection":[{"href":"https:\/\/www.cdzcompositi.com\/en_gb\/wp-json\/wp\/v2\/pages"}],"about":[{"href":"https:\/\/www.cdzcompositi.com\/en_gb\/wp-json\/wp\/v2\/types\/page"}],"author":[{"embeddable":true,"href":"https:\/\/www.cdzcompositi.com\/en_gb\/wp-json\/wp\/v2\/users\/1"}],"replies":[{"embeddable":true,"href":"https:\/\/www.cdzcompositi.com\/en_gb\/wp-json\/wp\/v2\/comments?post=7893"}],"version-history":[{"count":170,"href":"https:\/\/www.cdzcompositi.com\/en_gb\/wp-json\/wp\/v2\/pages\/7893\/revisions"}],"predecessor-version":[{"id":9359,"href":"https:\/\/www.cdzcompositi.com\/en_gb\/wp-json\/wp\/v2\/pages\/7893\/revisions\/9359"}],"wp:attachment":[{"href":"https:\/\/www.cdzcompositi.com\/en_gb\/wp-json\/wp\/v2\/media?parent=7893"}],"curies":[{"name":"wp","href":"https:\/\/api.w.org\/{rel}","templated":true}]}}